{"id":37,"date":"2022-12-19T02:32:04","date_gmt":"2022-12-19T02:32:04","guid":{"rendered":"https:\/\/gaviaspreview.com\/wp\/modins\/?page_id=37"},"modified":"2023-06-21T13:38:21","modified_gmt":"2023-06-21T13:38:21","slug":"destek-alanlarimiz","status":"publish","type":"page","link":"https:\/\/estrategicon.com\/en\/destek-alanlarimiz\/","title":{"rendered":"How We Can Help"},"content":{"rendered":"<div data-elementor-type=\"wp-page\" data-elementor-id=\"37\" class=\"elementor elementor-37\">\n\t\t\t\t\t\t<div class=\"elementor-inner\">\n\t\t\t\t<div class=\"elementor-section-wrap\">\n\t\t\t\t\t\t\t\t\t<section class=\"elementor-section elementor-top-section elementor-element elementor-element-6be92c0 elementor-section-boxed elementor-section-height-default elementor-section-height-default\" data-id=\"6be92c0\" data-element_type=\"section\" data-settings=\"{&quot;background_background&quot;:&quot;classic&quot;,&quot;ekit_has_onepagescroll_dot&quot;:&quot;yes&quot;}\">\n\t\t\t\t\t\t<div class=\"elementor-container elementor-column-gap-default\">\n\t\t\t\t\t\t\t<div class=\"elementor-row\">\n\t\t\t\t\t<div class=\"elementor-column elementor-col-100 elementor-top-column elementor-element elementor-element-02a2b0d\" data-id=\"02a2b0d\" data-element_type=\"column\">\n\t\t\t<div class=\"elementor-column-wrap elementor-element-populated\">\n\t\t\t\t\t\t\t<div class=\"elementor-widget-wrap\">\n\t\t\t\t\t\t<div class=\"elementor-element elementor-element-7f60442 elementor-widget elementor-widget-gva-heading-block\" data-id=\"7f60442\" data-element_type=\"widget\" data-settings=\"{&quot;ekit_we_effect_on&quot;:&quot;none&quot;}\" data-widget_type=\"gva-heading-block.default\">\n\t\t\t\t<div class=\"elementor-widget-container\">\n\t\t\t<div class=\"gva-element-gva-heading-block gva-element\">   <div class=\"align-left style-1 widget gsc-heading box-align-left auto-responsive\">\r\n      <div class=\"content-inner\">\r\n         \r\n                  \r\n           \r\n         \r\n                     <h2 class=\"title\">\r\n               <span>How We Can Help<\/span>\r\n            <\/h2>\r\n                  \r\n         \r\n         \r\n      <\/div>\r\n   <\/div>\r\n<\/div>\t\t<\/div>\n\t\t\t\t<\/div>\n\t\t\t\t\t\t<\/div>\n\t\t\t\t\t<\/div>\n\t\t<\/div>\n\t\t\t\t\t\t\t\t<\/div>\n\t\t\t\t\t<\/div>\n\t\t<\/section>\n\t\t\t\t<section class=\"elementor-section elementor-top-section elementor-element elementor-element-82d3d5c elementor-section-boxed elementor-section-height-default elementor-section-height-default\" data-id=\"82d3d5c\" data-element_type=\"section\" data-settings=\"{&quot;ekit_has_onepagescroll_dot&quot;:&quot;yes&quot;}\">\n\t\t\t\t\t\t<div class=\"elementor-container elementor-column-gap-default\">\n\t\t\t\t\t\t\t<div class=\"elementor-row\">\n\t\t\t\t\t<div class=\"elementor-column elementor-col-100 elementor-top-column elementor-element elementor-element-526903c\" data-id=\"526903c\" data-element_type=\"column\">\n\t\t\t<div class=\"elementor-column-wrap elementor-element-populated\">\n\t\t\t\t\t\t\t<div class=\"elementor-widget-wrap\">\n\t\t\t\t\t\t<div class=\"elementor-element elementor-element-fe00270 elementor-widget elementor-widget-heading\" data-id=\"fe00270\" data-element_type=\"widget\" data-settings=\"{&quot;ekit_we_effect_on&quot;:&quot;none&quot;}\" data-widget_type=\"heading.default\">\n\t\t\t\t<div class=\"elementor-widget-container\">\n\t\t\t<style>\/*! elementor - v3.13.3 - 28-05-2023 *\/\n.elementor-heading-title{padding:0;margin:0;line-height:1}.elementor-widget-heading .elementor-heading-title[class*=elementor-size-]>a{color:inherit;font-size:inherit;line-height:inherit}.elementor-widget-heading .elementor-heading-title.elementor-size-small{font-size:15px}.elementor-widget-heading .elementor-heading-title.elementor-size-medium{font-size:19px}.elementor-widget-heading .elementor-heading-title.elementor-size-large{font-size:29px}.elementor-widget-heading .elementor-heading-title.elementor-size-xl{font-size:39px}.elementor-widget-heading .elementor-heading-title.elementor-size-xxl{font-size:59px}<\/style><h2 class=\"elementor-heading-title elementor-size-default\">How We Can Help<\/h2>\t\t<\/div>\n\t\t\t\t<\/div>\n\t\t\t\t\t\t<\/div>\n\t\t\t\t\t<\/div>\n\t\t<\/div>\n\t\t\t\t\t\t\t\t<\/div>\n\t\t\t\t\t<\/div>\n\t\t<\/section>\n\t\t\t\t<section class=\"elementor-section elementor-top-section elementor-element elementor-element-63d3d52 elementor-section-boxed elementor-section-height-default elementor-section-height-default\" data-id=\"63d3d52\" data-element_type=\"section\" data-settings=\"{&quot;ekit_has_onepagescroll_dot&quot;:&quot;yes&quot;}\">\n\t\t\t\t\t\t<div class=\"elementor-container elementor-column-gap-default\">\n\t\t\t\t\t\t\t<div class=\"elementor-row\">\n\t\t\t\t\t<div class=\"elementor-column elementor-col-100 elementor-top-column elementor-element elementor-element-4baaa25\" data-id=\"4baaa25\" data-element_type=\"column\" data-settings=\"{&quot;background_background&quot;:&quot;gradient&quot;}\">\n\t\t\t<div class=\"elementor-column-wrap elementor-element-populated\">\n\t\t\t\t\t<div class=\"elementor-background-overlay\"><\/div>\n\t\t\t\t\t\t\t<div class=\"elementor-widget-wrap\">\n\t\t\t\t\t\t<div class=\"elementor-element elementor-element-08798d1 elementor-widget elementor-widget-text-editor\" data-id=\"08798d1\" data-element_type=\"widget\" data-settings=\"{&quot;ekit_we_effect_on&quot;:&quot;none&quot;}\" data-widget_type=\"text-editor.default\">\n\t\t\t\t<div class=\"elementor-widget-container\">\n\t\t\t<style>\/*! elementor - v3.13.3 - 28-05-2023 *\/\n.elementor-widget-text-editor.elementor-drop-cap-view-stacked .elementor-drop-cap{background-color:#69727d;color:#fff}.elementor-widget-text-editor.elementor-drop-cap-view-framed .elementor-drop-cap{color:#69727d;border:3px solid;background-color:transparent}.elementor-widget-text-editor:not(.elementor-drop-cap-view-default) .elementor-drop-cap{margin-top:8px}.elementor-widget-text-editor:not(.elementor-drop-cap-view-default) .elementor-drop-cap-letter{width:1em;height:1em}.elementor-widget-text-editor .elementor-drop-cap{float:left;text-align:center;line-height:1;font-size:50px}.elementor-widget-text-editor .elementor-drop-cap-letter{display:inline-block}<\/style>\t\t\t\t\t<div class=\"elementor-text-editor elementor-clearfix\">\n\t\t\t\t<p>Sustainability can be interpreted in many ways such as 'Corporate Responsibility', 'Corporate Social Responsibility', 'Corporate Citizenship', 'Environmental, Social and Governance (ESG)'. Regardless of how it is expressed, the effective and efficient management of the economic, environmental and social impacts based on the principles of ethics and transparency is important for every organization. These efforts require a holistic sustainability management, with an emphasis on strategic planning and process management, as well as basic research and analysis.<\/p><p>Today, it is important for corporations to fulfill their economic, social and environmental responsibilities in accordance with the principle of transparency; to create value for society; to understand their stakeholders better and shape their activities accordingly; to be able to operate in the future; to increase their value; to improve their processes and to sustain their development. All these are possible through a holistic sustainability management approach.<\/p><p><em>Integrating sustainability approach into all business processes not only increases the efficiency, productivity, and value of organizations, but also ensures a strong corporate culture.<\/em><\/p><p>As ES Strategic Consultancy, we will support you in creating strong structures by providing expert support in the following areas:<\/p>\t\t\t\t\t<\/div>\n\t\t\t\t\t\t<\/div>\n\t\t\t\t<\/div>\n\t\t\t\t\t\t<\/div>\n\t\t\t\t\t<\/div>\n\t\t<\/div>\n\t\t\t\t\t\t\t\t<\/div>\n\t\t\t\t\t<\/div>\n\t\t<\/section>\n\t\t\t\t<section class=\"elementor-section elementor-top-section elementor-element elementor-element-ee08d72 elementor-section-boxed elementor-section-height-default elementor-section-height-default\" data-id=\"ee08d72\" data-element_type=\"section\" data-settings=\"{&quot;ekit_has_onepagescroll_dot&quot;:&quot;yes&quot;}\">\n\t\t\t\t\t\t<div class=\"elementor-container elementor-column-gap-default\">\n\t\t\t\t\t\t\t<div class=\"elementor-row\">\n\t\t\t\t\t<div class=\"elementor-column elementor-col-100 elementor-top-column elementor-element elementor-element-697956a\" data-id=\"697956a\" data-element_type=\"column\">\n\t\t\t<div class=\"elementor-column-wrap elementor-element-populated\">\n\t\t\t\t\t\t\t<div class=\"elementor-widget-wrap\">\n\t\t\t\t\t\t<div class=\"elementor-element elementor-element-5c59828 elementor-widget elementor-widget-gva-heading-block\" data-id=\"5c59828\" data-element_type=\"widget\" data-settings=\"{&quot;ekit_we_effect_on&quot;:&quot;none&quot;}\" data-widget_type=\"gva-heading-block.default\">\n\t\t\t\t<div class=\"elementor-widget-container\">\n\t\t\t<div class=\"gva-element-gva-heading-block gva-element\">   <div class=\"align-center style-1 widget gsc-heading box-align-left auto-responsive\">\r\n      <div class=\"content-inner\">\r\n         \r\n                  \r\n           \r\n         \r\n                     <h2 class=\"title\">\r\n               <span>Areas of Expertise<\/span>\r\n            <\/h2>\r\n                  \r\n         \r\n         \r\n      <\/div>\r\n   <\/div>\r\n<\/div>\t\t<\/div>\n\t\t\t\t<\/div>\n\t\t\t\t<div class=\"elementor-element elementor-element-aacdc6f elementor-widget elementor-widget-gva-services\" data-id=\"aacdc6f\" data-element_type=\"widget\" data-settings=\"{&quot;ekit_we_effect_on&quot;:&quot;none&quot;}\" data-widget_type=\"gva-services.default\">\n\t\t\t\t<div class=\"elementor-widget-container\">\n\t\t\t<div class=\"gva-element-gva-services gva-element\">\r\n<div class=\"swiper-slider-wrapper gsc-services layout-carousel style-1\">\r\n   <div class=\"swiper-content-inner\">   \r\n      <div class=\"init-carousel-swiper swiper\" data-carousel=\"{&quot;items&quot;:4,&quot;items_lg&quot;:4,&quot;items_md&quot;:3,&quot;items_sm&quot;:2,&quot;items_xs&quot;:1,&quot;items_xx&quot;:1,&quot;effect&quot;:&quot;slide&quot;,&quot;space_between&quot;:30,&quot;loop&quot;:1,&quot;speed&quot;:1200,&quot;autoplay&quot;:1,&quot;autoplay_delay&quot;:5000,&quot;autoplay_hover&quot;:1,&quot;navigation&quot;:1,&quot;pagination&quot;:0,&quot;dynamic_bullets&quot;:0,&quot;pagination_type&quot;:&quot;bullets&quot;}\">\r\n         <div class=\"swiper-wrapper\">\r\n                           <div class=\"swiper-slide\">\r\n                  \r\n<div class=\"service-one__single\"><div class=\"service-one__content\"><div class=\"service-one__image\"><img decoding=\"async\" src=\"https:\/\/estrategicon.com\/wp-content\/uploads\/2023\/06\/Adsiz-tasarim-75.png\" alt=\"Strateji ve Politika Geli\u015ftirme\"\/><span class=\"service-one__icon\"><i aria-hidden=\"true\" class=\"fas fa-chess\"><\/i><\/span><\/div><div class=\"service-one__content-inner\"><h4 class=\"service-one__title\"><span>Strategy and Policy Development<\/span><\/h4><\/div>\t\t  <a href=\"https:\/\/estrategicon.com\/en\/destek-alanlarimiz\/strateji-ve-politika-gelistirme\/\" class=\"service-one__link-overlay\"><\/a>\r\n\t\t  <\/div><\/div>\t\r\n\r\n\r\n\r\n               <\/div>\r\n                           <div class=\"swiper-slide\">\r\n                  \r\n<div class=\"service-one__single active\"><div class=\"service-one__content\"><div class=\"service-one__image\"><img decoding=\"async\" src=\"https:\/\/estrategicon.com\/wp-content\/uploads\/2023\/06\/Adsiz-tasarim-76.png\" alt=\"Stratejik S\u00fcre\u00e7 Y\u00f6netimi \"\/><span class=\"service-one__icon\"><i aria-hidden=\"true\" class=\"fas fa-globe-americas\"><\/i><\/span><\/div><div class=\"service-one__content-inner\"><h4 class=\"service-one__title\"><span>Strategic Process Management <\/span><\/h4><\/div>\t\t  <a href=\"https:\/\/estrategicon.com\/en\/destek-alanlarimiz\/stratejik-surec-yonetimi\/\" class=\"service-one__link-overlay\"><\/a>\r\n\t\t  <\/div><\/div>\t\r\n\r\n\r\n\r\n               <\/div>\r\n                           <div class=\"swiper-slide\">\r\n                  \r\n<div class=\"service-one__single\"><div class=\"service-one__content\"><div class=\"service-one__image\"><img decoding=\"async\" src=\"https:\/\/estrategicon.com\/wp-content\/uploads\/2023\/06\/Adsiz-tasarim-77.png\" alt=\"Payda\u015f Kat\u0131l\u0131m Y\u00f6netimi\"\/><span class=\"service-one__icon\"><i aria-hidden=\"true\" class=\"micon__team\"><\/i><\/span><\/div><div class=\"service-one__content-inner\"><h4 class=\"service-one__title\"><span>Stakeholder Engagement<\/span><\/h4><\/div>\t\t  <a href=\"https:\/\/estrategicon.com\/en\/destek-alanlarimiz\/paydas-yonetimi\/\" class=\"service-one__link-overlay\"><\/a>\r\n\t\t  <\/div><\/div>\t\r\n\r\n\r\n\r\n               <\/div>\r\n                           <div class=\"swiper-slide\">\r\n                  \r\n<div class=\"service-one__single\"><div class=\"service-one__content\"><div class=\"service-one__image\"><img decoding=\"async\" src=\"https:\/\/estrategicon.com\/wp-content\/uploads\/2023\/06\/Adsiz-tasarim-78.png\" alt=\"Ara\u015ft\u0131rma, Anket ve Ar-Ge\"\/><span class=\"service-one__icon\"><i aria-hidden=\"true\" class=\"icon icon-magnifying-glass-search\"><\/i><\/span><\/div><div class=\"service-one__content-inner\"><h4 class=\"service-one__title\"><span>Research, Survey, Analysis<\/span><\/h4><\/div>\t\t  <a href=\"https:\/\/estrategicon.com\/en\/destek-alanlarimiz\/anket-analiz-arge\/\" class=\"service-one__link-overlay\"><\/a>\r\n\t\t  <\/div><\/div>\t\r\n\r\n\r\n\r\n               <\/div>\r\n                           <div class=\"swiper-slide\">\r\n                  \r\n<div class=\"service-one__single\"><div class=\"service-one__content\"><div class=\"service-one__image\"><img decoding=\"async\" src=\"https:\/\/estrategicon.com\/wp-content\/uploads\/2023\/06\/Adsiz-tasarim-79.png\" alt=\"S\u00fcrd\u00fcr\u00fclebilirlik Raporlamas\u0131\"\/><span class=\"service-one__icon\"><i aria-hidden=\"true\" class=\"fas fa-book-reader\"><\/i><\/span><\/div><div class=\"service-one__content-inner\"><h4 class=\"service-one__title\"><span>Sustainability Reporting<\/span><\/h4><\/div>\t\t  <a href=\"https:\/\/estrategicon.com\/en\/destek-alanlarimiz\/surdurulebilirlik-raporlamasi\/\" class=\"service-one__link-overlay\"><\/a>\r\n\t\t  <\/div><\/div>\t\r\n\r\n\r\n\r\n               <\/div>\r\n                           <div class=\"swiper-slide\">\r\n                  \r\n<div class=\"service-one__single\"><div class=\"service-one__content\"><div class=\"service-one__image\"><img decoding=\"async\" src=\"https:\/\/estrategicon.com\/wp-content\/uploads\/2023\/06\/Adsiz-tasarim-80.png\" alt=\"Sosyal Sorumluluk Projeleri\"\/><span class=\"service-one__icon\"><i aria-hidden=\"true\" class=\"icon icon-Leaf\"><\/i><\/span><\/div><div class=\"service-one__content-inner\"><h4 class=\"service-one__title\"><span>Social Responsibility Projects<\/span><\/h4><\/div>\t\t  <a href=\"https:\/\/estrategicon.com\/en\/destek-alanlarimiz\/sosyal-sorumluluk-projeleri\/\" class=\"service-one__link-overlay\"><\/a>\r\n\t\t  <\/div><\/div>\t\r\n\r\n\r\n\r\n               <\/div>\r\n                           <div class=\"swiper-slide\">\r\n                  \r\n<div class=\"service-one__single\"><div class=\"service-one__content\"><div class=\"service-one__image\"><img decoding=\"async\" src=\"https:\/\/estrategicon.com\/wp-content\/uploads\/2023\/06\/pencils-6099511_1280.jpg\" alt=\"E\u011fitimler, \u00c7al\u0131\u015ftaylar, Toplant\u0131lar\"\/><span class=\"service-one__icon\"><i aria-hidden=\"true\" class=\"la la-pencil-square-o\"><\/i><\/span><\/div><div class=\"service-one__content-inner\"><h4 class=\"service-one__title\"><span>Trainings and Workshops<\/span><\/h4><\/div>\t\t  <a href=\"https:\/\/estrategicon.com\/en\/destek-alanlarimiz\/egitimler-ve-calistaylar\/\" class=\"service-one__link-overlay\"><\/a>\r\n\t\t  <\/div><\/div>\t\r\n\r\n\r\n\r\n               <\/div>\r\n                           <div class=\"swiper-slide\">\r\n                  \r\n<div class=\"service-one__single\"><div class=\"service-one__content\"><div class=\"service-one__image\"><img decoding=\"async\" src=\"https:\/\/estrategicon.com\/wp-content\/uploads\/2023\/06\/1-1.png\" alt=\"S\u00fcrd\u00fcr\u00fclebilirlik \u0130leti\u015fimi\"\/><span class=\"service-one__icon\"><i aria-hidden=\"true\" class=\"icon icon-communication\"><\/i><\/span><\/div><div class=\"service-one__content-inner\"><h4 class=\"service-one__title\"><span>Sustainability Communication<\/span><\/h4><\/div>\t\t  <a href=\"https:\/\/estrategicon.com\/en\/destek-alanlarimiz\/surdurulebilirlik-iletisimi\/\" class=\"service-one__link-overlay\"><\/a>\r\n\t\t  <\/div><\/div>\t\r\n\r\n\r\n\r\n               <\/div>\r\n                     <\/div> \r\n      <\/div>\r\n   <\/div>   \r\n   <div class=\"swiper-pagination\"><\/div>   <div class=\"swiper-nav-next\"><\/div><div class=\"swiper-nav-prev\"><\/div><\/div>\r\n<\/div>\t\t<\/div>\n\t\t\t\t<\/div>\n\t\t\t\t\t\t<\/div>\n\t\t\t\t\t<\/div>\n\t\t<\/div>\n\t\t\t\t\t\t\t\t<\/div>\n\t\t\t\t\t<\/div>\n\t\t<\/section>\n\t\t\t\t\t\t\t\t\t<\/div>\n\t\t\t<\/div>\n\t\t\t\t\t<\/div>","protected":false},"excerpt":{"rendered":"<p>Destek Alanlar\u0131m\u0131z Destek Alanlar\u0131m\u0131z S\u00fcrd\u00fcr\u00fclebilirli\u011fin \u2018Kurumsal Sorumluluk\u2019, \u2018Kurumsal Sosyal Sorumluluk\u2019, \u2018Kurumsal Vatanda\u015fl\u0131k\u2019, \u2018\u00c7evresel, Sosyal, Y\u00f6neti\u015fim\u2019 gibi pek \u00e7ok kullan\u0131m\u0131 vard\u0131r. Her ne \u015fekilde ifade edilirse edilsin, her kurum i\u00e7in \u00f6nemli olan kurumun ekonomik, \u00e7evresel ve sosyal etkilerinin etik ve \u015feffafl\u0131k prensipleri de dikkate al\u0131narak etkin ve etkili bir \u015fekilde y\u00fcr\u00fct\u00fclmesidir. Bu \u00e7al\u0131\u015fmalar ba\u015fta stratejik planlama [&hellip;]<\/p>","protected":false},"author":1,"featured_media":0,"parent":0,"menu_order":0,"comment_status":"closed","ping_status":"closed","template":"","meta":{"footnotes":""},"class_list":["post-37","page","type-page","status-publish","hentry"],"_links":{"self":[{"href":"https:\/\/estrategicon.com\/en\/wp-json\/wp\/v2\/pages\/37","targetHints":{"allow":["GET"]}}],"collection":[{"href":"https:\/\/estrategicon.com\/en\/wp-json\/wp\/v2\/pages"}],"about":[{"href":"https:\/\/estrategicon.com\/en\/wp-json\/wp\/v2\/types\/page"}],"author":[{"embeddable":true,"href":"https:\/\/estrategicon.com\/en\/wp-json\/wp\/v2\/users\/1"}],"replies":[{"embeddable":true,"href":"https:\/\/estrategicon.com\/en\/wp-json\/wp\/v2\/comments?post=37"}],"version-history":[{"count":163,"href":"https:\/\/estrategicon.com\/en\/wp-json\/wp\/v2\/pages\/37\/revisions"}],"predecessor-version":[{"id":3610,"href":"https:\/\/estrategicon.com\/en\/wp-json\/wp\/v2\/pages\/37\/revisions\/3610"}],"wp:attachment":[{"href":"https:\/\/estrategicon.com\/en\/wp-json\/wp\/v2\/media?parent=37"}],"curies":[{"name":"wp","href":"https:\/\/api.w.org\/{rel}","templated":true}]}}